{"id":4361,"date":"2024-02-12T11:41:40","date_gmt":"2024-02-12T11:41:40","guid":{"rendered":"https:\/\/www.digited.it\/careers\/sviluppo-del-talento\/"},"modified":"2026-02-12T16:40:39","modified_gmt":"2026-02-12T16:40:39","slug":"talent-development","status":"publish","type":"page","link":"https:\/\/www.digited.it\/en\/careers\/talent-development\/","title":{"rendered":"Talent development"},"content":{"rendered":"<div class=\"wpb-content-wrapper\"><p>[vc_row full_width=\"stretch_row\" css=\".vc_custom_1704990786544{margin-top: 0px !important;padding-top: 0px !important;}\"][vc_column][vc_empty_space height=\"50px\" el_class=\"limitspace30\"][vc_row_inner css=\".vc_custom_1707292781348{margin-bottom: 0px !important;}\"][vc_column_inner width=\"8\/12\"][vc_column_text el_class=\"h1head\"]<\/p>\n<h1 class=\"h1-hero2\">The talent of each, a value for all.<\/h1>\n<p>[\/vc_column_text][\/vc_column_inner][vc_column_inner width=\"4\/12\"][\/vc_column_inner][\/vc_row_inner][vc_row_inner css=\".vc_custom_1707292781348{margin-bottom: 0px !important;}\"][vc_column_inner width=\"8\/12\"][\/vc_column_inner][vc_column_inner width=\"4\/12\"][vc_column_text el_class=\"subhero\"]All our resources at the service of people.[\/vc_column_text][\/vc_column_inner][\/vc_row_inner][vc_row_inner][vc_column_inner][vc_single_image image=\"4239\" img_size=\"full\" alignment=\"right\" el_class=\"poly-white-60\" css=\".vc_custom_1707738177182{margin-bottom: 0px !important;padding-bottom: 0px !important;}\"][\/vc_column_inner][\/vc_row_inner][\/vc_column][\/vc_row][vc_row full_width=\"stretch_row\" css=\".vc_custom_1704990786544{margin-top: 0px !important;padding-top: 0px !important;}\"][vc_column][vc_empty_space height=\"70px\" el_class=\"limitspace30\"][vc_column_text]<\/p>\n<h2>THE NUMBERS SPEAK FOR THEMSELVES<\/h2>\n<p>[\/vc_column_text][vc_empty_space height=\"50px\" el_class=\"limitspace30\"][vc_row_inner][vc_column_inner width=\"2\/3\"][vc_column_text]<\/p>\n<h3 class=\"h3-highlights-b\">A team in constant expansion. Snapshot in numbers of our people.<\/h3>\n<p>[\/vc_column_text][\/vc_column_inner][vc_column_inner width=\"1\/3\"][\/vc_column_inner][\/vc_row_inner][\/vc_column][\/vc_row][vc_row][vc_column width=\"1\/3\"][\/vc_column][vc_column width=\"2\/3\"][vc_row_inner gap=\"30\"][vc_column_inner width=\"1\/2\"][vc_column_text css=\".vc_custom_1770914387928{border-bottom-width: 1px !important;border-bottom-color: #1d1d1b !important;border-bottom-style: solid !important;}\"]<\/p>\n<p class=\"numbers\">500+<\/p>\n<p class=\"highlight\">people currently make up our team<\/p>\n<p>[\/vc_column_text][\/vc_column_inner][vc_column_inner width=\"1\/2\"][vc_column_text css=\".vc_custom_1770914428178{border-bottom-width: 1px !important;border-bottom-color: #1d1d1b !important;border-bottom-style: solid !important;}\"]<\/p>\n<p class=\"numbers\">60+<\/p>\n<p class=\"highlight\">new hires in 2025<\/p>\n<p>[\/vc_column_text][\/vc_column_inner][\/vc_row_inner][vc_row_inner gap=\"30\"][vc_column_inner width=\"1\/2\"][\/vc_column_inner][vc_column_inner width=\"1\/2\"][\/vc_column_inner][\/vc_row_inner][vc_empty_space height=\"100px\" el_class=\"limitspace50\"][\/vc_column][\/vc_row][vc_row full_width=\"stretch_row\" css=\".vc_custom_1707584706451{background-color: #e41f46 !important;}\"][vc_column][vc_empty_space height=\"80px\" el_class=\"limitspace30\"][vc_row_inner][vc_column_inner el_class=\"quote-container col55\" width=\"7\/12\"][vc_single_image source=\"external_link\" external_img_size=\"full\" custom_src=\"\/wp-content\/uploads\/polygon\/arrow-65-white-topleft.png\"][vc_column_text el_class=\"whitecolor\"]<\/p>\n<h3 style=\"text-indent: 0;\">We want everybody to feel included, on the strength of their unique and individual characteristics.<\/h3>\n<p>[\/vc_column_text][vc_single_image source=\"external_link\" external_img_size=\"full\" alignment=\"right\" custom_src=\"\/wp-content\/uploads\/polygon\/arrow-65-white-bottomright.png\" css=\".vc_custom_1707584537189{padding-right: 35% !important;}\"][\/vc_column_inner][vc_column_inner width=\"5\/12\"][\/vc_column_inner][\/vc_row_inner][vc_row_inner][vc_column_inner width=\"7\/12\"][\/vc_column_inner][vc_column_inner el_class=\"bolzoni-container\" width=\"5\/12\"][vc_single_image image=\"4240\" img_size=\"full\" css=\".vc_custom_1707738658987{margin-bottom: 10px !important;padding-bottom: 0px !important;}\" el_class=\"teamimg\"][vc_column_text el_class=\"bolzoni whitecolor\"]Marco Bolzoni<br \/>\nHead of People &amp; Culture[\/vc_column_text][\/vc_column_inner][\/vc_row_inner][vc_empty_space height=\"80px\" el_class=\"limitspace30\"][\/vc_column][\/vc_row][vc_row full_width=\"stretch_row\" css=\".vc_custom_1704990786544{margin-top: 0px !important;padding-top: 0px !important;}\"][vc_column][vc_empty_space height=\"100px\" el_class=\"limitspace30\"][vc_column_text]<\/p>\n<h2>PEOPLE FIRST<\/h2>\n<p>[\/vc_column_text][vc_empty_space height=\"64px\" el_class=\"limitspace30\"][vc_row_inner css=\".vc_custom_1707292781348{margin-bottom: 0px !important;}\"][vc_column_inner width=\"9\/12\"][vc_column_text]<\/p>\n<h3>A career path cut out for every talent.<\/h3>\n<p>[\/vc_column_text][\/vc_column_inner][vc_column_inner width=\"3\/12\"][\/vc_column_inner][\/vc_row_inner][vc_row_inner el_class=\"swapmobile\"][vc_column_inner width=\"1\/12\"][\/vc_column_inner][vc_column_inner width=\"6\/12\"][vc_empty_space height=\"50px\"][vc_column_text el_class=\"blocktext\"]People training and development is the cornerstone our daily work. We invest in the talent found in every person, mapping out the best development paths tailored to their aptitudes, their ambitions, and our goals together. At Digit\u2019Ed, we put people in the driving seat of their future, from its planning to its accomplishment.[\/vc_column_text][vc_empty_space height=\"120px\" el_class=\"limitspace30\"][\/vc_column_inner][vc_column_inner width=\"5\/12\"][vc_single_image image=\"4241\" img_size=\"full\" alignment=\"right\" el_class=\"poly-white-50\"][\/vc_column_inner][\/vc_row_inner][\/vc_column][\/vc_row][vc_row full_width=\"stretch_row\" css=\".vc_custom_1705573362395{margin-top: 0px !important;padding-top: 0px !important;background-color: #1d1d1b !important;}\"][vc_column][vc_empty_space height=\"50px\" el_class=\"limitspace30\"][vc_column_text el_class=\"whitecolor\"]<\/p>\n<h2>BRINGING OUT THE BEST IN PEOPLE<\/h2>\n<p>[\/vc_column_text][vc_empty_space height=\"50px\" el_class=\"limitspace30\"][vc_row_inner][vc_column_inner width=\"10\/12\"][vc_column_text el_class=\"whitecolor\"]<\/p>\n<h3>How do we bring out the best in our people?<\/h3>\n<p>[\/vc_column_text][\/vc_column_inner][vc_column_inner width=\"2\/12\"][\/vc_column_inner][\/vc_row_inner][vc_empty_space height=\"120px\" el_class=\"limitspace30\"][\/vc_column][\/vc_row][vc_row full_width=\"stretch_row\" css=\".vc_custom_1705573661536{background-color: #1d1d1b !important;}\"][vc_column][vc_tta_tour title_tag=\"h3\" section_title_tag=\"h3\" color=\"black\" active_section=\"1\" no_fill_content_area=\"true\"][vc_tta_section title=\"Flexible working\" tab_id=\"1705574067004-01616889-badd\"][vc_row_inner content_placement=\"middle\" el_class=\"milestone swapmobile\"][vc_column_inner el_class=\"colimg\" offset=\"vc_col-lg-5 vc_col-md-5 vc_col-xs-12\"][vc_single_image image=\"4243\" img_size=\"full\" el_class=\"poly-black-50\"][\/vc_column_inner][vc_column_inner el_class=\"colmilestone\" offset=\"vc_col-lg-7 vc_col-md-7 vc_col-xs-12\"][vc_column_text el_class=\"whitecolor\"]Every employee has the option of working remotely several days per month, to find the right balance between home and office.[\/vc_column_text][\/vc_column_inner][\/vc_row_inner][\/vc_tta_section][vc_tta_section title=\"Diversity&amp;Inclusion\" tab_id=\"1705574067020-bb98334c-129d\"][vc_row_inner content_placement=\"middle\" el_class=\"milestone swapmobile\"][vc_column_inner el_class=\"colimg\" offset=\"vc_col-lg-5 vc_col-md-5 vc_col-xs-12\"][vc_single_image image=\"4244\" img_size=\"full\" el_class=\"poly-black-50\"][\/vc_column_inner][vc_column_inner el_class=\"colmilestone\" offset=\"vc_col-lg-7 vc_col-md-7 vc_col-xs-12\"][vc_column_text el_class=\"whitecolor\"]Each of us is unique. To keep abreast of change, it is essential to tap into the aptitudes and specific abilities of every person to bring out their best by promoting their inclusion and participation in every aspect of company life. That is why we place such great importance on diversity and inclusion.[\/vc_column_text][\/vc_column_inner][\/vc_row_inner][\/vc_tta_section][vc_tta_section title=\"Freedom to choose\" tab_id=\"1707739022052-25b1b03d-9ea3\"][vc_row_inner content_placement=\"middle\" el_class=\"milestone swapmobile\"][vc_column_inner el_class=\"colimg\" offset=\"vc_col-lg-5 vc_col-md-5 vc_col-xs-12\"][vc_single_image image=\"4242\" img_size=\"full\" el_class=\"poly-black-50\"][\/vc_column_inner][vc_column_inner el_class=\"colmilestone\" offset=\"vc_col-lg-7 vc_col-md-7 vc_col-xs-12\"][vc_column_text el_class=\"whitecolor\"]Freedom of expression also means being able to choose your preferred operating system. At Digit\u2019Ed, all our employees can choose between Mac and Windows.[\/vc_column_text][\/vc_column_inner][\/vc_row_inner][\/vc_tta_section][\/vc_tta_tour][vc_empty_space height=\"100px\" el_class=\"limitspace50\"][\/vc_column][\/vc_row][vc_row full_width=\"stretch_row\" css=\".vc_custom_1707737446288{margin-top: 0px !important;margin-bottom: 0px !important;padding-top: 0px !important;padding-bottom: 0px !important;background-image: url(https:\/\/www.digited.it\/wp-content\/uploads\/2024\/02\/carriere-posizioni-bkgnd.jpg?id=482) !important;background-position: center !important;background-repeat: no-repeat !important;background-size: cover !important;}\" el_class=\"imgbottom\"][vc_column][vc_empty_space height=\"90px\"][vc_column_text el_class=\"whitecolor\"]<\/p>\n<h2>JOIN THE TEAM<\/h2>\n<p>[\/vc_column_text][vc_empty_space height=\"50px\"][vc_row_inner][vc_column_inner width=\"1\/2\"][vc_column_text el_class=\"whitecolor lavoraconnoi\"]<\/p>\n<h3>Work with us<br \/>\nat Digit\u2019Ed.<\/h3>\n<p>[\/vc_column_text][\/vc_column_inner][vc_column_inner width=\"1\/2\"][\/vc_column_inner][\/vc_row_inner][vc_row_inner][vc_column_inner width=\"5\/12\"][\/vc_column_inner][vc_column_inner width=\"7\/12\"][vc_column_text el_class=\"whitecolor testoposizioni\"]We are always on the look-out for new talent. Learn more about the opportunities to join our team and make your contribution to furthering our purpose.[\/vc_column_text][vc_empty_space][vc_btn title=\"Job openings\" style=\"outline-custom\" outline_custom_color=\"#666666\" outline_custom_hover_background=\"#666666\" outline_custom_hover_text=\"#ffffff\" align=\"right\" i_align=\"right\" i_icon_fontawesome=\"fas fa-arrow-right\" css_animation=\"none\" add_icon=\"true\" link=\"url:%2Fcarriere%2Fposizioni-aperte%2F\"][vc_empty_space height=\"190px\"][\/vc_column_inner][\/vc_row_inner][\/vc_column][\/vc_row]<\/p>\n<\/div>","protected":false},"excerpt":{"rendered":"<p>[vc_row full_width=\"stretch_row\" css=\".vc_custom_1704990786544{margin-top: 0px !important;padding-top: 0px !important;}\"][vc_column][vc_empty_space height=\"50px\" el_class=\"limitspace30\"][vc_row_inner css=\".vc_custom_1707292781348{margin-bottom: 0px !important;}\"][vc_column_inner width=\"8\/12\"][vc_column_text el_class=\"h1head\"] The talent of each, a value for all. [\/vc_column_text][\/vc_column_inner][vc_column_inner width=\"4\/12\"][\/vc_column_inner][\/vc_row_inner][vc_row_inner css=\".vc_custom_1707292781348{margin-bottom: 0px !important;}\"][vc_column_inner width=\"8\/12\"][\/vc_column_inner][vc_column_inner width=\"4\/12\"][vc_column_text el_class=\"subhero\"]All our resources at the service of people.[\/vc_column_text][\/vc_column_inner][\/vc_row_inner][vc_row_inner][vc_column_inner][vc_single_image image=\"4239\" img_size=\"full\" alignment=\"right\" el_class=\"poly-white-60\" css=\".vc_custom_1707738177182{margin-bottom: 0px !important;padding-bottom: 0px !important;}\"][\/vc_column_inner][\/vc_row_inner][\/vc_column][\/vc_row][vc_row full_width=\"stretch_row\" css=\".vc_custom_1704990786544{margin-top: 0px !important;padding-top: 0px !important;}\"][vc_column][vc_empty_space height=\"70px\" el_class=\"limitspace30\"][vc_column_text] THE&hellip; <a class=\"continue\" href=\"https:\/\/www.digited.it\/en\/careers\/talent-development\/\">Continua a leggere<span> Talent development<\/span><\/a><\/p>\n","protected":false},"author":1,"featured_media":0,"parent":4351,"menu_order":0,"comment_status":"closed","ping_status":"closed","template":"","meta":{"footnotes":""},"class_list":["post-4361","page","type-page","status-publish"],"yoast_head":"<!-- This site is optimized with the Yoast SEO plugin v27.2 - https:\/\/yoast.com\/product\/yoast-seo-wordpress\/ -->\n<title>Digit\u2019Ed investe nel tuo talento, lavora con noi - Digit&#039;Ed<\/title>\n<meta name=\"description\" content=\"Digit\u2019Ed, eccellenza nel settore della formazione, cerca talenti ed \u00e8 in continua evoluzione. Scopri di pi\u00f9. Lavora con noi. La formazione e lo sviluppo delle risorse umane sono una priorit\u00e0 per Digit\u2019Ed. Ecco perch\u00e9 investiamo nel talento di ognuno. Lavora con noi.\" \/>\n<meta name=\"robots\" content=\"index, follow, max-snippet:-1, max-image-preview:large, max-video-preview:-1\" \/>\n<link rel=\"canonical\" href=\"https:\/\/www.digited.it\/en\/careers\/talent-development\/\" \/>\n<meta property=\"og:locale\" content=\"en_US\" \/>\n<meta property=\"og:type\" content=\"article\" \/>\n<meta property=\"og:title\" content=\"Digit\u2019Ed investe nel tuo talento, lavora con noi - Digit&#039;Ed\" \/>\n<meta property=\"og:description\" content=\"Digit\u2019Ed, eccellenza nel settore della formazione, cerca talenti ed \u00e8 in continua evoluzione. Scopri di pi\u00f9. Lavora con noi. La formazione e lo sviluppo delle risorse umane sono una priorit\u00e0 per Digit\u2019Ed. Ecco perch\u00e9 investiamo nel talento di ognuno. Lavora con noi.\" \/>\n<meta property=\"og:url\" content=\"https:\/\/www.digited.it\/en\/careers\/talent-development\/\" \/>\n<meta property=\"og:site_name\" content=\"Digit&#039;Ed\" \/>\n<meta property=\"article:modified_time\" content=\"2026-02-12T16:40:39+00:00\" \/>\n<meta name=\"twitter:card\" content=\"summary_large_image\" \/>\n<meta name=\"twitter:label1\" content=\"Est. reading time\" \/>\n\t<meta name=\"twitter:data1\" content=\"5 minutes\" \/>\n<script type=\"application\/ld+json\" class=\"yoast-schema-graph\">{\"@context\":\"https:\/\/schema.org\",\"@graph\":[{\"@type\":\"WebPage\",\"@id\":\"https:\/\/www.digited.it\/en\/careers\/talent-development\/\",\"url\":\"https:\/\/www.digited.it\/en\/careers\/talent-development\/\",\"name\":\"Digit\u2019Ed investe nel tuo talento, lavora con noi - Digit&#039;Ed\",\"isPartOf\":{\"@id\":\"https:\/\/www.digited.it\/#website\"},\"datePublished\":\"2024-02-12T11:41:40+00:00\",\"dateModified\":\"2026-02-12T16:40:39+00:00\",\"description\":\"Digit\u2019Ed, eccellenza nel settore della formazione, cerca talenti ed \u00e8 in continua evoluzione. Scopri di pi\u00f9. Lavora con noi. La formazione e lo sviluppo delle risorse umane sono una priorit\u00e0 per Digit\u2019Ed. Ecco perch\u00e9 investiamo nel talento di ognuno. Lavora con noi.\",\"breadcrumb\":{\"@id\":\"https:\/\/www.digited.it\/en\/careers\/talent-development\/#breadcrumb\"},\"inLanguage\":\"en-US\",\"potentialAction\":[{\"@type\":\"ReadAction\",\"target\":[\"https:\/\/www.digited.it\/en\/careers\/talent-development\/\"]}]},{\"@type\":\"BreadcrumbList\",\"@id\":\"https:\/\/www.digited.it\/en\/careers\/talent-development\/#breadcrumb\",\"itemListElement\":[{\"@type\":\"ListItem\",\"position\":1,\"name\":\"Careers\",\"item\":\"https:\/\/www.digited.it\/en\/careers\/\"},{\"@type\":\"ListItem\",\"position\":2,\"name\":\"Talent development\"}]},{\"@type\":\"WebSite\",\"@id\":\"https:\/\/www.digited.it\/#website\",\"url\":\"https:\/\/www.digited.it\/\",\"name\":\"Digit&#039;Ed\",\"description\":\"\",\"publisher\":{\"@id\":\"https:\/\/www.digited.it\/#organization\"},\"potentialAction\":[{\"@type\":\"SearchAction\",\"target\":{\"@type\":\"EntryPoint\",\"urlTemplate\":\"https:\/\/www.digited.it\/?s={search_term_string}\"},\"query-input\":{\"@type\":\"PropertyValueSpecification\",\"valueRequired\":true,\"valueName\":\"search_term_string\"}}],\"inLanguage\":\"en-US\"},{\"@type\":\"Organization\",\"@id\":\"https:\/\/www.digited.it\/#organization\",\"name\":\"Digit&#039;Ed\",\"url\":\"https:\/\/www.digited.it\/\",\"logo\":{\"@type\":\"ImageObject\",\"inLanguage\":\"en-US\",\"@id\":\"https:\/\/www.digited.it\/#\/schema\/logo\/image\/\",\"url\":\"https:\/\/www.digited.it\/wp-content\/uploads\/2023\/11\/DigitEd_logo_WHITE-RED-01.png\",\"contentUrl\":\"https:\/\/www.digited.it\/wp-content\/uploads\/2023\/11\/DigitEd_logo_WHITE-RED-01.png\",\"width\":2500,\"height\":710,\"caption\":\"Digit&#039;Ed\"},\"image\":{\"@id\":\"https:\/\/www.digited.it\/#\/schema\/logo\/image\/\"}}]}<\/script>\n<!-- \/ Yoast SEO plugin. -->","yoast_head_json":{"title":"Digit\u2019Ed investe nel tuo talento, lavora con noi - Digit&#039;Ed","description":"Digit\u2019Ed, eccellenza nel settore della formazione, cerca talenti ed \u00e8 in continua evoluzione. Scopri di pi\u00f9. Lavora con noi. La formazione e lo sviluppo delle risorse umane sono una priorit\u00e0 per Digit\u2019Ed. Ecco perch\u00e9 investiamo nel talento di ognuno. Lavora con noi.","robots":{"index":"index","follow":"follow","max-snippet":"max-snippet:-1","max-image-preview":"max-image-preview:large","max-video-preview":"max-video-preview:-1"},"canonical":"https:\/\/www.digited.it\/en\/careers\/talent-development\/","og_locale":"en_US","og_type":"article","og_title":"Digit\u2019Ed investe nel tuo talento, lavora con noi - Digit&#039;Ed","og_description":"Digit\u2019Ed, eccellenza nel settore della formazione, cerca talenti ed \u00e8 in continua evoluzione. Scopri di pi\u00f9. Lavora con noi. La formazione e lo sviluppo delle risorse umane sono una priorit\u00e0 per Digit\u2019Ed. Ecco perch\u00e9 investiamo nel talento di ognuno. Lavora con noi.","og_url":"https:\/\/www.digited.it\/en\/careers\/talent-development\/","og_site_name":"Digit&#039;Ed","article_modified_time":"2026-02-12T16:40:39+00:00","twitter_card":"summary_large_image","twitter_misc":{"Est. reading time":"5 minutes"},"schema":{"@context":"https:\/\/schema.org","@graph":[{"@type":"WebPage","@id":"https:\/\/www.digited.it\/en\/careers\/talent-development\/","url":"https:\/\/www.digited.it\/en\/careers\/talent-development\/","name":"Digit\u2019Ed investe nel tuo talento, lavora con noi - Digit&#039;Ed","isPartOf":{"@id":"https:\/\/www.digited.it\/#website"},"datePublished":"2024-02-12T11:41:40+00:00","dateModified":"2026-02-12T16:40:39+00:00","description":"Digit\u2019Ed, eccellenza nel settore della formazione, cerca talenti ed \u00e8 in continua evoluzione. Scopri di pi\u00f9. Lavora con noi. La formazione e lo sviluppo delle risorse umane sono una priorit\u00e0 per Digit\u2019Ed. Ecco perch\u00e9 investiamo nel talento di ognuno. Lavora con noi.","breadcrumb":{"@id":"https:\/\/www.digited.it\/en\/careers\/talent-development\/#breadcrumb"},"inLanguage":"en-US","potentialAction":[{"@type":"ReadAction","target":["https:\/\/www.digited.it\/en\/careers\/talent-development\/"]}]},{"@type":"BreadcrumbList","@id":"https:\/\/www.digited.it\/en\/careers\/talent-development\/#breadcrumb","itemListElement":[{"@type":"ListItem","position":1,"name":"Careers","item":"https:\/\/www.digited.it\/en\/careers\/"},{"@type":"ListItem","position":2,"name":"Talent development"}]},{"@type":"WebSite","@id":"https:\/\/www.digited.it\/#website","url":"https:\/\/www.digited.it\/","name":"Digit&#039;Ed","description":"","publisher":{"@id":"https:\/\/www.digited.it\/#organization"},"potentialAction":[{"@type":"SearchAction","target":{"@type":"EntryPoint","urlTemplate":"https:\/\/www.digited.it\/?s={search_term_string}"},"query-input":{"@type":"PropertyValueSpecification","valueRequired":true,"valueName":"search_term_string"}}],"inLanguage":"en-US"},{"@type":"Organization","@id":"https:\/\/www.digited.it\/#organization","name":"Digit&#039;Ed","url":"https:\/\/www.digited.it\/","logo":{"@type":"ImageObject","inLanguage":"en-US","@id":"https:\/\/www.digited.it\/#\/schema\/logo\/image\/","url":"https:\/\/www.digited.it\/wp-content\/uploads\/2023\/11\/DigitEd_logo_WHITE-RED-01.png","contentUrl":"https:\/\/www.digited.it\/wp-content\/uploads\/2023\/11\/DigitEd_logo_WHITE-RED-01.png","width":2500,"height":710,"caption":"Digit&#039;Ed"},"image":{"@id":"https:\/\/www.digited.it\/#\/schema\/logo\/image\/"}}]}},"_links":{"self":[{"href":"https:\/\/www.digited.it\/en\/wp-json\/wp\/v2\/pages\/4361","targetHints":{"allow":["GET"]}}],"collection":[{"href":"https:\/\/www.digited.it\/en\/wp-json\/wp\/v2\/pages"}],"about":[{"href":"https:\/\/www.digited.it\/en\/wp-json\/wp\/v2\/types\/page"}],"author":[{"embeddable":true,"href":"https:\/\/www.digited.it\/en\/wp-json\/wp\/v2\/users\/1"}],"replies":[{"embeddable":true,"href":"https:\/\/www.digited.it\/en\/wp-json\/wp\/v2\/comments?post=4361"}],"version-history":[{"count":8,"href":"https:\/\/www.digited.it\/en\/wp-json\/wp\/v2\/pages\/4361\/revisions"}],"predecessor-version":[{"id":9480,"href":"https:\/\/www.digited.it\/en\/wp-json\/wp\/v2\/pages\/4361\/revisions\/9480"}],"up":[{"embeddable":true,"href":"https:\/\/www.digited.it\/en\/wp-json\/wp\/v2\/pages\/4351"}],"wp:attachment":[{"href":"https:\/\/www.digited.it\/en\/wp-json\/wp\/v2\/media?parent=4361"}],"curies":[{"name":"wp","href":"https:\/\/api.w.org\/{rel}","templated":true}]}}